{"id":298,"date":"2021-05-23T04:44:20","date_gmt":"2021-05-23T04:44:20","guid":{"rendered":"https:\/\/lbk-architecture.com\/index.php\/home\/"},"modified":"2023-12-13T14:49:42","modified_gmt":"2023-12-13T14:49:42","slug":"home","status":"publish","type":"page","link":"https:\/\/lbk-architecture.com\/","title":{"rendered":"Home"},"content":{"rendered":"\n<div class=\"wp-block-uagb-container uagb-block-7f00c7dd alignfull uagb-is-root-container\"><div class=\"uagb-container-inner-blocks-wrap\">\n<div class=\"wp-block-uagb-container uagb-block-722f0c1a\">\n<div class=\"wp-block-uagb-advanced-heading uagb-block-2931fba3\"><h6 class=\"uagb-heading-text\">&#8220;When we build, let us think that we build forever.&#8221; &#8211; John Ruskin<\/h6><div class=\"uagb-separator\"><\/div><\/div>\n\n\n\n<div class=\"wp-block-uagb-info-box uagb-block-d16d4471 uagb-infobox__content-wrap  uagb-infobox-icon-above-title uagb-infobox-image-valign-top\"><div class=\"uagb-ifb-content\"><div class=\"uagb-ifb-title-wrap\"><h1 class=\"uagb-ifb-title\">Bine ati venit<\/h1><\/div><p class=\"uagb-ifb-desc\">arhitectura si design interior<\/p><\/div><\/div>\n\n\n\n<div class=\"wp-block-uagb-icon-list uagb-block-0a3c3046\"><div class=\"uagb-icon-list__wrap\">\n<div class=\"wp-block-uagb-icon-list-child uagb-block-d0ac43fd\"><a target=\"_self\" aria-label=\"contact@lbk-architecture.com\u200b\" rel=\"noopener noreferrer\" href=\"#\"> <\/a><span class=\"uagb-icon-list__source-wrap\"><svg xmlns=\"https:\/\/www.w3.org\/2000\/svg\" viewBox=\"0 0 512 512\"><path d=\"M464 64C490.5 64 512 85.49 512 112C512 127.1 504.9 141.3 492.8 150.4L275.2 313.6C263.8 322.1 248.2 322.1 236.8 313.6L19.2 150.4C7.113 141.3 0 127.1 0 112C0 85.49 21.49 64 48 64H464zM217.6 339.2C240.4 356.3 271.6 356.3 294.4 339.2L512 176V384C512 419.3 483.3 448 448 448H64C28.65 448 0 419.3 0 384V176L217.6 339.2z\"><\/path><\/svg><\/span><span class=\"uagb-icon-list__label\">contact@lbk-architecture.com\u200b<\/span><\/div>\n\n\n\n<div class=\"wp-block-uagb-icon-list-child uagb-block-b9fd1127\"><a target=\"_self\" aria-label=\"\u200b\" rel=\"noopener noreferrer\" href=\"#\"> <\/a><span class=\"uagb-icon-list__source-wrap\"><svg xmlns=\"https:\/\/www.w3.org\/2000\/svg\" viewBox=\"0 0 512 512\"><path d=\"M511.2 387l-23.25 100.8c-3.266 14.25-15.79 24.22-30.46 24.22C205.2 512 0 306.8 0 54.5c0-14.66 9.969-27.2 24.22-30.45l100.8-23.25C139.7-2.602 154.7 5.018 160.8 18.92l46.52 108.5c5.438 12.78 1.77 27.67-8.98 36.45L144.5 207.1c33.98 69.22 90.26 125.5 159.5 159.5l44.08-53.8c8.688-10.78 23.69-14.51 36.47-8.975l108.5 46.51C506.1 357.2 514.6 372.4 511.2 387z\"><\/path><\/svg><\/span><span class=\"uagb-icon-list__label\">\u200b<\/span><\/div>\n<\/div><\/div>\n<\/div>\n\n\n\n<div class=\"wp-block-uagb-container uagb-block-517094de\">\n<div class=\"wp-block-uagb-image uagb-block-32215933 wp-block-uagb-image--layout-default wp-block-uagb-image--effect-static wp-block-uagb-image--align-none\"><figure class=\"wp-block-uagb-image__figure\"><img decoding=\"async\" srcset=\"https:\/\/lbk-architecture.com\/wp-content\/uploads\/2023\/07\/LOGO-1-1024x1006.png ,https:\/\/lbk-architecture.com\/wp-content\/uploads\/2023\/07\/LOGO-1.png 780w, https:\/\/lbk-architecture.com\/wp-content\/uploads\/2023\/07\/LOGO-1.png 360w\" sizes=\"(max-width: 480px) 150px\" src=\"https:\/\/lbk-architecture.com\/wp-content\/uploads\/2023\/07\/LOGO-1-1024x1006.png\" alt=\"\" class=\"uag-image-54\" width=\"670\" height=\"670\" title=\"\" loading=\"lazy\"\/><\/figure><\/div>\n<\/div>\n<\/div><\/div>\n\n\n\n<div class=\"wp-block-uagb-container uagb-block-baafe6bd alignfull uagb-is-root-container\"><div class=\"uagb-container-inner-blocks-wrap\">\n<div class=\"wp-block-uagb-info-box uagb-block-34fa4a7a uagb-infobox__content-wrap  uagb-infobox-icon-above-title uagb-infobox-image-valign-top\"><div class=\"uagb-ifb-content\"><div class=\"uagb-ifb-title-wrap\"><h3 class=\"uagb-ifb-title-prefix\">DESPRE LBK &#8211; ARCHITECTURE &amp; INTERIORS<\/h3><div class=\"uagb-ifb-separator\"><\/div><h3 class=\"uagb-ifb-title\">Suntem un birou de arhitectura al carui accent se pune pe design interior, restaurare, 3D \/ virtual reality design si constructii de calitate Lux. Am planificat \u0219i extins case, apartamente, hoteluri \u0219i a\u0219tept\u0103m cu ner\u0103bdare s\u0103 v\u0103 realiz\u0103m proiectul \u00eempreun\u0103 cu dvs.<\/h3><\/div><\/div><\/div>\n<\/div><\/div>\n\n\n\n<div class=\"wp-block-columns has-ast-global-color-4-background-color has-background is-layout-flex wp-container-core-columns-layout-1 wp-block-columns-is-layout-flex\" style=\"border-style:none;border-width:0px;border-radius:0px;margin-top:var(--wp--preset--spacing--50);margin-bottom:var(--wp--preset--spacing--50);padding-top:var(--wp--preset--spacing--80);padding-right:0;padding-bottom:var(--wp--preset--spacing--30);padding-left:0\">\n<div class=\"wp-block-column is-layout-flow wp-block-column-is-layout-flow\" style=\"flex-basis:70%\">\n<div class=\"wp-block-uagb-container uagb-block-98e1a914 alignfull uagb-is-root-container\"><div class=\"uagb-container-inner-blocks-wrap\">\n<div class=\"wp-block-uagb-container uagb-block-621ee4b9\">\n<div class=\"wp-block-uagb-advanced-heading uagb-block-b933cbba\"><h3 class=\"uagb-heading-text\">LINA BEN KHALIFA<\/h3><\/div>\n<\/div>\n\n\n\n<div class=\"wp-block-uagb-container uagb-block-284438f4\">\n<div class=\"wp-block-uagb-advanced-heading uagb-block-eccceb74\"><p class=\"uagb-heading-text\">There are many variations of passages of Lorem Ipsum available, but the majority have suffered alteration in some form, by injected humour, or randomised words which don&#8217;t look even slightly believable. If you are going to use a passage of Lorem Ipsum, you need to be sure there isn&#8217;t anything embarrassing hidden in the middle of text. All the Lorem Ipsum generators on the Internet tend to repeat predefined chunks as necessary, making this the first true generator on the Internet. It uses a dictionary of over 200 Latin words, combined with a handful of model sentence structures, to generate Lorem Ipsum which looks reasonable. The generated Lorem Ipsum is therefore always free from repetition, injected humour, or non-characteristic words etc.<br><\/p><\/div>\n<\/div>\n<\/div><\/div>\n<\/div>\n\n\n\n<div class=\"wp-block-column is-vertically-aligned-top is-layout-flow wp-block-column-is-layout-flow\" style=\"flex-basis:30%\">\n<figure class=\"wp-block-image alignleft size-full is-resized is-style-rounded\"><img loading=\"lazy\" decoding=\"async\" width=\"450\" height=\"450\" src=\"https:\/\/lbk-architecture.com\/wp-content\/uploads\/2023\/12\/Bild-Lina.jpeg\" alt=\"\" class=\"wp-image-857\" style=\"object-fit:cover;width:300px;height:300px\" srcset=\"https:\/\/lbk-architecture.com\/wp-content\/uploads\/2023\/12\/Bild-Lina.jpeg 450w, https:\/\/lbk-architecture.com\/wp-content\/uploads\/2023\/12\/Bild-Lina-300x300.jpeg 300w, https:\/\/lbk-architecture.com\/wp-content\/uploads\/2023\/12\/Bild-Lina-150x150.jpeg 150w\" sizes=\"(max-width: 450px) 100vw, 450px\" \/><\/figure>\n<\/div>\n<\/div>\n\n\n\n<div class=\"wp-block-uagb-container uagb-block-0a329480 alignfull uagb-is-root-container\"><div class=\"uagb-container-inner-blocks-wrap\">\n<div class=\"wp-block-uagb-container uagb-block-47ec62dc\">\n<div class=\"wp-block-uagb-info-box uagb-block-476ad479 uagb-infobox__content-wrap  uagb-infobox-icon-left uagb-infobox-left uagb-infobox-stacked-mobile uagb-infobox-image-valign-top\"><div class=\"uagb-ifb-icon-wrap\"><svg xmlns=\"https:\/\/www.w3.org\/2000\/svg\" viewBox=\"0 0 512 512\"><path d=\"M411.4 175.5C417.4 185.4 417.5 197.7 411.8 207.8C406.2 217.8 395.5 223.1 384 223.1H192C180.5 223.1 169.8 217.8 164.2 207.8C158.5 197.7 158.6 185.4 164.6 175.5L260.6 15.54C266.3 5.897 276.8 0 288 0C299.2 0 309.7 5.898 315.4 15.54L411.4 175.5zM288 312C288 289.9 305.9 272 328 272H472C494.1 272 512 289.9 512 312V456C512 478.1 494.1 496 472 496H328C305.9 496 288 478.1 288 456V312zM0 384C0 313.3 57.31 256 128 256C198.7 256 256 313.3 256 384C256 454.7 198.7 512 128 512C57.31 512 0 454.7 0 384z\"><\/path><\/svg><\/div><div class=\"uagb-ifb-content\"><div class=\"uagb-ifb-title-wrap\"><h4 class=\"uagb-ifb-title\">Design Interior<\/h4><\/div><p class=\"uagb-ifb-desc\">An effective UI\/UX is what captures attention and spreads a clear message. I make sure the design is innovative and neat with all of this.<\/p><\/div><\/div>\n<\/div>\n\n\n\n<div class=\"wp-block-uagb-container uagb-block-6a7cb0c7\">\n<div class=\"wp-block-uagb-info-box uagb-block-410b0d4b uagb-infobox__content-wrap  uagb-infobox-icon-left uagb-infobox-left uagb-infobox-stacked-mobile uagb-infobox-image-valign-top\"><div class=\"uagb-ifb-icon-wrap\"><svg xmlns=\"https:\/\/www.w3.org\/2000\/svg\" viewBox=\"0 0 576 512\"><path d=\"M511.8 287.6L512.5 447.7C512.5 450.5 512.3 453.1 512 455.8V472C512 494.1 494.1 512 472 512H456C454.9 512 453.8 511.1 452.7 511.9C451.3 511.1 449.9 512 448.5 512H392C369.9 512 352 494.1 352 472V384C352 366.3 337.7 352 320 352H256C238.3 352 224 366.3 224 384V472C224 494.1 206.1 512 184 512H128.1C126.6 512 125.1 511.9 123.6 511.8C122.4 511.9 121.2 512 120 512H104C81.91 512 64 494.1 64 472V360C64 359.1 64.03 358.1 64.09 357.2V287.6H32.05C14.02 287.6 0 273.5 0 255.5C0 246.5 3.004 238.5 10.01 231.5L266.4 8.016C273.4 1.002 281.4 0 288.4 0C295.4 0 303.4 2.004 309.5 7.014L416 100.7V64C416 46.33 430.3 32 448 32H480C497.7 32 512 46.33 512 64V185L564.8 231.5C572.8 238.5 576.9 246.5 575.8 255.5C575.8 273.5 560.8 287.6 543.8 287.6L511.8 287.6z\"><\/path><\/svg><\/div><div class=\"uagb-ifb-content\"><div class=\"uagb-ifb-title-wrap\"><h4 class=\"uagb-ifb-title\">Architectura<\/h4><\/div><p class=\"uagb-ifb-desc\">If you are looking for a developer who\u2019ll take over the research and development of your website, I am a well-established professional to help you with this.<\/p><\/div><\/div>\n<\/div>\n\n\n\n<div class=\"wp-block-uagb-container uagb-block-b41323a3\">\n<div class=\"wp-block-uagb-info-box uagb-block-00d7ed6f uagb-infobox__content-wrap  uagb-infobox-icon-left uagb-infobox-left uagb-infobox-stacked-mobile uagb-infobox-image-valign-top\"><div class=\"uagb-ifb-icon-wrap\"><svg xmlns=\"https:\/\/www.w3.org\/2000\/svg\" viewBox=\"0 0 448 512\"><path d=\"M243.6 91.6L323.7 138.4C326.6 140 326.7 144.6 323.7 146.2L228.5 201.9C225.6 203.6 222.2 203.4 219.5 201.9L124.4 146.2C121.4 144.6 121.4 139.1 124.4 138.4L204.4 91.6V0L0 119.4V358.3L78.38 312.5V218.9C78.33 215.6 82.21 213.2 85.09 214.1L180.3 270.6C183.2 272.3 184.8 275.3 184.8 278.5V389.7C184.8 393 180.1 395.4 178.1 393.6L97.97 346.8L19.58 392.6L224 512L428.4 392.6L350 346.8L269.9 393.6C267.1 395.3 263.1 393.1 263.2 389.7V278.5C263.2 275.1 265.1 272.2 267.7 270.6L362.9 214.1C365.7 213.2 369.7 215.5 369.6 218.9V312.5L448 358.3V119.4L243.6 0V91.6z\"><\/path><\/svg><\/div><div class=\"uagb-ifb-content\"><div class=\"uagb-ifb-title-wrap\"><h4 class=\"uagb-ifb-title\">3D Design<\/h4><\/div><p class=\"uagb-ifb-desc\">If you are looking for a user-friendly app that will attract more mobile users, I can help you design and build a platform with the latest and trendiest look and feel.<\/p><\/div><\/div>\n<\/div>\n<\/div><\/div>\n\n\n\n<div class=\"wp-block-uagb-container uagb-block-02a3dba2 alignfull uagb-is-root-container\"><\/div>\n\n\n\n<div class=\"wp-block-uagb-container uagb-block-39ac655b alignfull uagb-is-root-container\"><div class=\"uagb-container-inner-blocks-wrap\">\n<div class=\"wp-block-uagb-container uagb-block-63cca992\">\n<div class=\"wp-block-uagb-advanced-heading uagb-block-5dd148b2\"><h2 class=\"uagb-heading-text\">Proiecte finalizate<\/h2><\/div>\n<\/div>\n\n\n\n<div class=\"wp-block-uagb-container uagb-block-1aff6de2\">\n<div class=\"wp-block-uagb-image alignright uagb-block-a51eefb4 wp-block-uagb-image--layout-default wp-block-uagb-image--effect-static wp-block-uagb-image--align-right\"><figure class=\"wp-block-uagb-image__figure\"><img decoding=\"async\" srcset=\"https:\/\/lbk-architecture.com\/wp-content\/uploads\/2021\/05\/arrow-01-free-img.png \" sizes=\"(max-width: 480px) 150px\" src=\"https:\/\/lbk-architecture.com\/wp-content\/uploads\/2021\/05\/arrow-01-free-img.png\" alt=\"\" class=\"uag-image-52\" width=\"116\" height=\"46\" title=\"\" loading=\"lazy\"\/><\/figure><\/div>\n<\/div>\n<\/div><\/div>\n\n\n\n<div class=\"wp-block-uagb-container uagb-block-c9487333 alignfull uagb-is-root-container\"><div class=\"uagb-container-inner-blocks-wrap\">\n<div class=\"wp-block-uagb-container uagb-block-be9f8e12\">\n<div class=\"wp-block-uagb-image uagb-block-87f09dbb wp-block-uagb-image--layout-overlay wp-block-uagb-image--effect-zoomin wp-block-uagb-image--align-none\"><figure class=\"wp-block-uagb-image__figure\"><img decoding=\"async\" srcset=\"https:\/\/lbk-architecture.com\/wp-content\/uploads\/2023\/07\/SS_C04_01.effectsResult-1024x576.jpg ,https:\/\/lbk-architecture.com\/wp-content\/uploads\/2023\/07\/SS_C04_01.effectsResult.jpg 780w, https:\/\/lbk-architecture.com\/wp-content\/uploads\/2023\/07\/SS_C04_01.effectsResult.jpg 360w\" sizes=\"(max-width: 480px) 150px\" src=\"https:\/\/lbk-architecture.com\/wp-content\/uploads\/2023\/07\/SS_C04_01.effectsResult-1024x576.jpg\" alt=\"\" class=\"uag-image-167\" width=\"1024\" height=\"576\" title=\"\" loading=\"lazy\"\/><div class=\"wp-block-uagb-image--layout-overlay__color-wrapper\"><\/div><div class=\"wp-block-uagb-image--layout-overlay__inner center-center\"><a class=\"wp-block-uagb-image--layout-overlay-link \" href=\"\" target=\"\" rel=\"noopener\"><\/a><h2 class=\"uagb-image-heading\">SIBIU ONE <\/h2><div class=\"uagb-image-separator\"><\/div><figcaption class=\"uagb-image-caption\">APARTMENT TYP LUX<\/figcaption><\/div><\/figure><\/div>\n<\/div>\n\n\n\n<div class=\"wp-block-uagb-container uagb-block-d3a18958\">\n<div class=\"wp-block-uagb-image uagb-block-b1db47b6 wp-block-uagb-image--layout-overlay wp-block-uagb-image--effect-zoomin wp-block-uagb-image--align-none\"><figure class=\"wp-block-uagb-image__figure\"><img decoding=\"async\" srcset=\"https:\/\/lbk-architecture.com\/wp-content\/uploads\/2023\/07\/MARCEL_interior_06_.effectsResult-1024x576.jpg ,https:\/\/lbk-architecture.com\/wp-content\/uploads\/2023\/07\/MARCEL_interior_06_.effectsResult.jpg 780w, https:\/\/lbk-architecture.com\/wp-content\/uploads\/2023\/07\/MARCEL_interior_06_.effectsResult.jpg 360w\" sizes=\"(max-width: 480px) 150px\" src=\"https:\/\/lbk-architecture.com\/wp-content\/uploads\/2023\/07\/MARCEL_interior_06_.effectsResult-1024x576.jpg\" alt=\"\" class=\"uag-image-119\" width=\"1024\" height=\"576\" title=\"\" loading=\"lazy\"\/><div class=\"wp-block-uagb-image--layout-overlay__color-wrapper\"><\/div><div class=\"wp-block-uagb-image--layout-overlay__inner center-center\"><a class=\"wp-block-uagb-image--layout-overlay-link \" href=\"\" target=\"\" rel=\"noopener\"><\/a><h2 class=\"uagb-image-heading\">SIBIU TWO<\/h2><div class=\"uagb-image-separator\"><\/div><figcaption class=\"uagb-image-caption\">AIRBNB APARTAMENT<\/figcaption><\/div><\/figure><\/div>\n<\/div>\n\n\n\n<div class=\"wp-block-uagb-container uagb-block-4a5e2d2b\">\n<div class=\"wp-block-uagb-image uagb-block-980a329c wp-block-uagb-image--layout-overlay wp-block-uagb-image--effect-zoomin wp-block-uagb-image--align-none\"><figure class=\"wp-block-uagb-image__figure\"><img decoding=\"async\" srcset=\"https:\/\/lbk-architecture.com\/wp-content\/uploads\/2023\/07\/03_Sangatin_cuisine_03-1024x576.jpg ,https:\/\/lbk-architecture.com\/wp-content\/uploads\/2023\/07\/03_Sangatin_cuisine_03.jpg 780w, https:\/\/lbk-architecture.com\/wp-content\/uploads\/2023\/07\/03_Sangatin_cuisine_03.jpg 360w\" sizes=\"(max-width: 480px) 150px\" src=\"https:\/\/lbk-architecture.com\/wp-content\/uploads\/2023\/07\/03_Sangatin_cuisine_03-1024x576.jpg\" alt=\"\" class=\"uag-image-153\" width=\"1024\" height=\"576\" title=\"\" loading=\"lazy\"\/><div class=\"wp-block-uagb-image--layout-overlay__color-wrapper\"><\/div><div class=\"wp-block-uagb-image--layout-overlay__inner center-center\"><a class=\"wp-block-uagb-image--layout-overlay-link \" href=\"\" target=\"\" rel=\"noopener\"><\/a><h2 class=\"uagb-image-heading\">SIBIU THREE<\/h2><div class=\"uagb-image-separator\"><\/div><figcaption class=\"uagb-image-caption\">TINY HOUSE<\/figcaption><\/div><\/figure><\/div>\n<\/div>\n<\/div><\/div>\n\n\n\n<div class=\"wp-block-uagb-container uagb-block-2e9644f0 alignfull uagb-is-root-container\"><div class=\"uagb-container-inner-blocks-wrap\">\n<div class=\"wp-block-uagb-container uagb-block-f5972f3d\">\n<div class=\"wp-block-uagb-image uagb-block-d1cdb776 wp-block-uagb-image--layout-default wp-block-uagb-image--effect-static wp-block-uagb-image--align-none\"><figure class=\"wp-block-uagb-image__figure\"><img decoding=\"async\" srcset=\"https:\/\/lbk-architecture.com\/wp-content\/uploads\/2023\/07\/Living-01-1024x576.jpg ,https:\/\/lbk-architecture.com\/wp-content\/uploads\/2023\/07\/Living-01-scaled.jpg 780w, https:\/\/lbk-architecture.com\/wp-content\/uploads\/2023\/07\/Living-01-scaled.jpg 360w\" sizes=\"(max-width: 480px) 150px\" src=\"https:\/\/lbk-architecture.com\/wp-content\/uploads\/2023\/07\/Living-01-1024x576.jpg\" alt=\"\" class=\"uag-image-177\" width=\"1024\" height=\"576\" title=\"\" loading=\"lazy\"\/><\/figure><\/div>\n<\/div>\n\n\n\n<div class=\"wp-block-uagb-container uagb-block-bd37c35a\">\n<div class=\"wp-block-uagb-image uagb-block-307e675f wp-block-uagb-image--layout-default wp-block-uagb-image--effect-static wp-block-uagb-image--align-none\"><figure class=\"wp-block-uagb-image__figure\"><img decoding=\"async\" srcset=\"https:\/\/lbk-architecture.com\/wp-content\/uploads\/2023\/07\/vintila_c2_.effectsResult_output-1-1024x576.jpg ,https:\/\/lbk-architecture.com\/wp-content\/uploads\/2023\/07\/vintila_c2_.effectsResult_output-1-scaled.jpg 780w, https:\/\/lbk-architecture.com\/wp-content\/uploads\/2023\/07\/vintila_c2_.effectsResult_output-1-scaled.jpg 360w\" sizes=\"(max-width: 480px) 150px\" src=\"https:\/\/lbk-architecture.com\/wp-content\/uploads\/2023\/07\/vintila_c2_.effectsResult_output-1-1024x576.jpg\" alt=\"\" class=\"uag-image-149\" width=\"1024\" height=\"576\" title=\"\" loading=\"lazy\"\/><\/figure><\/div>\n<\/div>\n\n\n\n<div class=\"wp-block-uagb-container uagb-block-8a898dee\">\n<div class=\"wp-block-uagb-image uagb-block-a5b44f3a wp-block-uagb-image--layout-default wp-block-uagb-image--effect-static wp-block-uagb-image--align-none\"><figure class=\"wp-block-uagb-image__figure\"><img decoding=\"async\" srcset=\"https:\/\/lbk-architecture.com\/wp-content\/uploads\/2023\/07\/C3_Marcel_chambre_01-1024x576.jpg ,https:\/\/lbk-architecture.com\/wp-content\/uploads\/2023\/07\/C3_Marcel_chambre_01.jpg 780w, https:\/\/lbk-architecture.com\/wp-content\/uploads\/2023\/07\/C3_Marcel_chambre_01.jpg 360w\" sizes=\"(max-width: 480px) 150px\" src=\"https:\/\/lbk-architecture.com\/wp-content\/uploads\/2023\/07\/C3_Marcel_chambre_01-1024x576.jpg\" alt=\"\" class=\"uag-image-111\" width=\"1024\" height=\"576\" title=\"\" loading=\"lazy\"\/><\/figure><\/div>\n<\/div>\n<\/div><\/div>\n","protected":false},"excerpt":{"rendered":"<p>&#8220;When we build, let us think that we build forever.&#8221; &#8211; John Ruskin LINA BEN KHALIFA There are many variations of passages of Lorem Ipsum available, but the majority have suffered alteration in some form, by injected humour, or randomised words which don&#8217;t look even slightly believable. If you are going to use a passage &hellip;<\/p>\n<p class=\"read-more\"> <a class=\"\" href=\"https:\/\/lbk-architecture.com\/\"> <span class=\"screen-reader-text\">Home<\/span> Read More &raquo;<\/a><\/p>\n","protected":false},"author":1,"featured_media":0,"parent":0,"menu_order":0,"comment_status":"closed","ping_status":"closed","template":"","meta":{"_uag_custom_page_level_css":"","site-sidebar-layout":"no-sidebar","site-content-layout":"page-builder","ast-site-content-layout":"full-width-container","site-content-style":"unboxed","site-sidebar-style":"unboxed","ast-global-header-display":"","ast-banner-title-visibility":"","ast-main-header-display":"","ast-hfb-above-header-display":"","ast-hfb-below-header-display":"","ast-hfb-mobile-header-display":"","site-post-title":"disabled","ast-breadcrumbs-content":"disabled","ast-featured-img":"disabled","footer-sml-layout":"","theme-transparent-header-meta":"enabled","adv-header-id-meta":"","stick-header-meta":"","header-above-stick-meta":"","header-main-stick-meta":"","header-below-stick-meta":"","astra-migrate-meta-layouts":"set","ast-page-background-enabled":"default","ast-page-background-meta":{"desktop":{"background-color":"var(--ast-global-color-4)","background-image":"","background-repeat":"repeat","background-position":"center center","background-size":"auto","background-attachment":"scroll","background-type":"","background-media":"","overlay-type":"","overlay-color":"","overlay-gradient":""},"tablet":{"background-color":"","background-image":"","background-repeat":"repeat","background-position":"center center","background-size":"auto","background-attachment":"scroll","background-type":"","background-media":"","overlay-type":"","overlay-color":"","overlay-gradient":""},"mobile":{"background-color":"","background-image":"","background-repeat":"repeat","background-position":"center center","background-size":"auto","background-attachment":"scroll","background-type":"","background-media":"","overlay-type":"","overlay-color":"","overlay-gradient":""}},"ast-content-background-meta":{"desktop":{"background-color":"var(--ast-global-color-5)","background-image":"","background-repeat":"repeat","background-position":"center center","background-size":"auto","background-attachment":"scroll","background-type":"","background-media":"","overlay-type":"","overlay-color":"","overlay-gradient":""},"tablet":{"background-color":"var(--ast-global-color-5)","background-image":"","background-repeat":"repeat","background-position":"center center","background-size":"auto","background-attachment":"scroll","background-type":"","background-media":"","overlay-type":"","overlay-color":"","overlay-gradient":""},"mobile":{"background-color":"var(--ast-global-color-5)","background-image":"","background-repeat":"repeat","background-position":"center center","background-size":"auto","background-attachment":"scroll","background-type":"","background-media":"","overlay-type":"","overlay-color":"","overlay-gradient":""}},"footnotes":""},"acf":[],"uagb_featured_image_src":{"full":false,"thumbnail":false,"medium":false,"medium_large":false,"large":false,"1536x1536":false,"2048x2048":false},"uagb_author_info":{"display_name":"linakhalifa.architecture@gmail.com","author_link":"https:\/\/lbk-architecture.com\/index.php\/author\/linakhalifa-architecturegmail-com\/"},"uagb_comment_info":0,"uagb_excerpt":"&#8220;When we build, let us think that we build forever.&#8221; &#8211; John Ruskin LINA BEN KHALIFA There are many variations of passages of Lorem Ipsum available, but the majority have suffered alteration in some form, by injected humour, or randomised words which don&#8217;t look even slightly believable. If you are going to use a passage&hellip;","_links":{"self":[{"href":"https:\/\/lbk-architecture.com\/index.php\/wp-json\/wp\/v2\/pages\/298"}],"collection":[{"href":"https:\/\/lbk-architecture.com\/index.php\/wp-json\/wp\/v2\/pages"}],"about":[{"href":"https:\/\/lbk-architecture.com\/index.php\/wp-json\/wp\/v2\/types\/page"}],"author":[{"embeddable":true,"href":"https:\/\/lbk-architecture.com\/index.php\/wp-json\/wp\/v2\/users\/1"}],"replies":[{"embeddable":true,"href":"https:\/\/lbk-architecture.com\/index.php\/wp-json\/wp\/v2\/comments?post=298"}],"version-history":[{"count":16,"href":"https:\/\/lbk-architecture.com\/index.php\/wp-json\/wp\/v2\/pages\/298\/revisions"}],"predecessor-version":[{"id":875,"href":"https:\/\/lbk-architecture.com\/index.php\/wp-json\/wp\/v2\/pages\/298\/revisions\/875"}],"wp:attachment":[{"href":"https:\/\/lbk-architecture.com\/index.php\/wp-json\/wp\/v2\/media?parent=298"}],"curies":[{"name":"wp","href":"https:\/\/api.w.org\/{rel}","templated":true}]}}